{"id":1802,"date":"2024-05-03T15:08:00","date_gmt":"2024-05-03T19:08:00","guid":{"rendered":"https:\/\/fortinporlier.evquebec.com\/about-us\/"},"modified":"2026-03-18T08:17:50","modified_gmt":"2026-03-18T12:17:50","slug":"about-us","status":"publish","type":"page","link":"https:\/\/fortinporlier.evquebec.com\/en\/about-us\/","title":{"rendered":"About us"},"content":{"rendered":"\t\t<div data-elementor-type=\"wp-page\" data-elementor-id=\"1802\" class=\"elementor elementor-1802 elementor-87\" data-elementor-post-type=\"page\">\n\t\t\t\t<div class=\"elementor-element elementor-element-f4c64c9 elementor-hidden-desktop elementor-hidden-laptop elementor-hidden-tablet_extra elementor-hidden-tablet elementor-hidden-mobile e-flex e-con-boxed e-con e-parent\" data-id=\"f4c64c9\" data-element_type=\"container\" data-e-type=\"container\" data-settings=\"{&quot;background_background&quot;:&quot;classic&quot;}\">\n\t\t\t\t\t<div class=\"e-con-inner\">\n\t\t<div class=\"elementor-element elementor-element-5dbf47d e-con-full e-flex e-con e-child\" data-id=\"5dbf47d\" data-element_type=\"container\" data-e-type=\"container\" data-settings=\"{&quot;background_background&quot;:&quot;classic&quot;}\">\n\t\t<div class=\"elementor-element elementor-element-f2a12ab e-con-full e-flex e-con e-child\" data-id=\"f2a12ab\" data-element_type=\"container\" data-e-type=\"container\">\n\t\t<div class=\"elementor-element elementor-element-10751f7 e-con-full e-flex e-con e-child\" data-id=\"10751f7\" data-element_type=\"container\" data-e-type=\"container\">\n\t\t\t\t<div class=\"elementor-element elementor-element-d3d6de6 animated-slow elementor-invisible elementor-widget elementor-widget-heading\" data-id=\"d3d6de6\" data-element_type=\"widget\" data-e-type=\"widget\" data-settings=\"{&quot;_animation&quot;:&quot;fadeInDown&quot;,&quot;_animation_delay&quot;:100}\" data-widget_type=\"heading.default\">\n\t\t\t\t<div class=\"elementor-widget-container\">\n\t\t\t\t\t<h3 class=\"elementor-heading-title elementor-size-default\">Titre...<\/h3>\t\t\t\t<\/div>\n\t\t\t\t<\/div>\n\t\t\t\t<\/div>\n\t\t\t\t<div class=\"elementor-element elementor-element-d22cba2 elementor-widget elementor-widget-text-editor\" data-id=\"d22cba2\" data-element_type=\"widget\" data-e-type=\"widget\" data-widget_type=\"text-editor.default\">\n\t\t\t\t<div class=\"elementor-widget-container\">\n\t\t\t\t\t\t\t\t\tTexte pour duo&#8230;\t\t\t\t\t\t\t\t<\/div>\n\t\t\t\t<\/div>\n\t\t\t\t<\/div>\n\t\t<div class=\"elementor-element elementor-element-fc0dd1f e-con-full e-flex e-con e-child\" data-id=\"fc0dd1f\" data-element_type=\"container\" data-e-type=\"container\" data-settings=\"{&quot;background_background&quot;:&quot;classic&quot;}\">\n\t\t\t\t<\/div>\n\t\t\t\t<\/div>\n\t\t\t\t\t<\/div>\n\t\t\t\t<\/div>\n\t\t<div class=\"elementor-element elementor-element-5ca9940 e-flex e-con-boxed e-con e-parent\" data-id=\"5ca9940\" data-element_type=\"container\" data-e-type=\"container\" data-settings=\"{&quot;background_background&quot;:&quot;classic&quot;}\">\n\t\t\t\t\t<div class=\"e-con-inner\">\n\t\t<div class=\"elementor-element elementor-element-b60b4ec e-con-full e-flex e-con e-child\" data-id=\"b60b4ec\" data-element_type=\"container\" data-e-type=\"container\" data-settings=\"{&quot;background_background&quot;:&quot;classic&quot;}\">\n\t\t<div class=\"elementor-element elementor-element-7967612 e-con-full e-flex e-con e-child\" data-id=\"7967612\" data-element_type=\"container\" data-e-type=\"container\">\n\t\t<div class=\"elementor-element elementor-element-9cf516a e-con-full e-flex e-con e-child\" data-id=\"9cf516a\" data-element_type=\"container\" data-e-type=\"container\" data-settings=\"{&quot;background_background&quot;:&quot;classic&quot;}\">\n\t\t\t\t<div class=\"elementor-element elementor-element-d6176c6 elementor-widget elementor-widget-image\" data-id=\"d6176c6\" data-element_type=\"widget\" data-e-type=\"widget\" data-widget_type=\"image.default\">\n\t\t\t\t<div class=\"elementor-widget-container\">\n\t\t\t\t\t\t\t\t\t\t\t\t\t\t\t<img fetchpriority=\"high\" decoding=\"async\" width=\"516\" height=\"516\" src=\"https:\/\/fortinporlier.evquebec.com\/wp-content\/uploads\/2024\/06\/112517_Marc-AndreFortin.jpg\" class=\"attachment-full size-full wp-image-4231\" alt=\"\" srcset=\"https:\/\/fortinporlier.evquebec.com\/wp-content\/uploads\/2024\/06\/112517_Marc-AndreFortin.jpg 516w, https:\/\/fortinporlier.evquebec.com\/wp-content\/uploads\/2024\/06\/112517_Marc-AndreFortin-300x300.jpg 300w, https:\/\/fortinporlier.evquebec.com\/wp-content\/uploads\/2024\/06\/112517_Marc-AndreFortin-150x150.jpg 150w\" sizes=\"(max-width: 516px) 100vw, 516px\">\t\t\t\t\t\t\t\t\t\t\t\t\t\t\t<\/div>\n\t\t\t\t<\/div>\n\t\t\t\t<div class=\"elementor-element elementor-element-294824c animated-slow elementor-invisible elementor-widget elementor-widget-heading\" data-id=\"294824c\" data-element_type=\"widget\" data-e-type=\"widget\" data-settings=\"{&quot;_animation&quot;:&quot;fadeInDown&quot;,&quot;_animation_delay&quot;:100}\" data-widget_type=\"heading.default\">\n\t\t\t\t<div class=\"elementor-widget-container\">\n\t\t\t\t\t<h3 class=\"elementor-heading-title elementor-size-default\">Marc-Andr\u00e9 Fortin<\/h3>\t\t\t\t<\/div>\n\t\t\t\t<\/div>\n\t\t\t\t<\/div>\n\t\t<div class=\"elementor-element elementor-element-a63120b e-con-full e-flex e-con e-child\" data-id=\"a63120b\" data-element_type=\"container\" data-e-type=\"container\">\n\t\t\t\t<div class=\"elementor-element elementor-element-5657f21 elementor-widget elementor-widget-heading\" data-id=\"5657f21\" data-element_type=\"widget\" data-e-type=\"widget\" data-widget_type=\"heading.default\">\n\t\t\t\t<div class=\"elementor-widget-container\">\n\t\t\t\t\t<h3 class=\"elementor-heading-title elementor-size-default\">Marc-Andr\u00e9 is dedicated, attentive to the smallest detail and exceptionally determined.\n<\/h3>\t\t\t\t<\/div>\n\t\t\t\t<\/div>\n\t\t\t\t<div class=\"elementor-element elementor-element-1aecb32 elementor-widget elementor-widget-text-editor\" data-id=\"1aecb32\" data-element_type=\"widget\" data-e-type=\"widget\" data-widget_type=\"text-editor.default\">\n\t\t\t\t<div class=\"elementor-widget-container\">\n\t\t\t\t\t\t\t\t\tMarc-Andr\u00e9 knows very well that his clients expect exemplary service when it comes to a real estate transaction. His&nbsp;#1 priority is to get to know his customers and their needs in order to lead them to the product that fulfills their preferences and wishes. He is devoted and attentive to the smallest details.\t\t\t\t\t\t\t\t<\/div>\n\t\t\t\t<\/div>\n\t\t\t\t<div class=\"elementor-element elementor-element-fd9b808 elementor-widget elementor-widget-text-editor\" data-id=\"fd9b808\" data-element_type=\"widget\" data-e-type=\"widget\" data-widget_type=\"text-editor.default\">\n\t\t\t\t<div class=\"elementor-widget-container\">\n\t\t\t\t\t\t\t\t\t<p>Real estate has always been a passion for him, and he gives great importance to each transaction. He will guide you through the competitive world of real estate with ease. Marc-Andr\u00e9\u2019s unique determination, allows him to help people find the hidden gem, whether buying, selling or investing. These are the skills that make him a broker who stands out year after year.<\/p>\t\t\t\t\t\t\t\t<\/div>\n\t\t\t\t<\/div>\n\t\t\t\t<\/div>\n\t\t\t\t<\/div>\n\t\t\t\t<\/div>\n\t\t<div class=\"elementor-element elementor-element-57a6f24 e-con-full e-flex e-con e-child\" data-id=\"57a6f24\" data-element_type=\"container\" data-e-type=\"container\" data-settings=\"{&quot;background_background&quot;:&quot;classic&quot;}\">\n\t\t<div class=\"elementor-element elementor-element-7dd1eb4 e-con-full e-flex e-con e-child\" data-id=\"7dd1eb4\" data-element_type=\"container\" data-e-type=\"container\">\n\t\t<div class=\"elementor-element elementor-element-76ce86b e-con-full e-flex e-con e-child\" data-id=\"76ce86b\" data-element_type=\"container\" data-e-type=\"container\" data-settings=\"{&quot;background_background&quot;:&quot;classic&quot;}\">\n\t\t\t\t<div class=\"elementor-element elementor-element-e6ecd9d elementor-widget elementor-widget-image\" data-id=\"e6ecd9d\" data-element_type=\"widget\" data-e-type=\"widget\" data-widget_type=\"image.default\">\n\t\t\t\t<div class=\"elementor-widget-container\">\n\t\t\t\t\t\t\t\t\t\t\t\t\t\t\t<img decoding=\"async\" width=\"516\" height=\"516\" src=\"https:\/\/fortinporlier.evquebec.com\/wp-content\/uploads\/2024\/11\/122242_RoxannePorlier.jpg\" class=\"attachment-full size-full wp-image-4228\" alt=\"\" srcset=\"https:\/\/fortinporlier.evquebec.com\/wp-content\/uploads\/2024\/11\/122242_RoxannePorlier.jpg 516w, https:\/\/fortinporlier.evquebec.com\/wp-content\/uploads\/2024\/11\/122242_RoxannePorlier-300x300.jpg 300w, https:\/\/fortinporlier.evquebec.com\/wp-content\/uploads\/2024\/11\/122242_RoxannePorlier-150x150.jpg 150w\" sizes=\"(max-width: 516px) 100vw, 516px\">\t\t\t\t\t\t\t\t\t\t\t\t\t\t\t<\/div>\n\t\t\t\t<\/div>\n\t\t\t\t<div class=\"elementor-element elementor-element-792c65d animated-slow elementor-invisible elementor-widget elementor-widget-heading\" data-id=\"792c65d\" data-element_type=\"widget\" data-e-type=\"widget\" data-settings=\"{&quot;_animation&quot;:&quot;fadeInDown&quot;,&quot;_animation_delay&quot;:100}\" data-widget_type=\"heading.default\">\n\t\t\t\t<div class=\"elementor-widget-container\">\n\t\t\t\t\t<h3 class=\"elementor-heading-title elementor-size-default\">Roxanne Porlier<\/h3>\t\t\t\t<\/div>\n\t\t\t\t<\/div>\n\t\t\t\t<\/div>\n\t\t<div class=\"elementor-element elementor-element-5781419 e-con-full e-flex e-con e-child\" data-id=\"5781419\" data-element_type=\"container\" data-e-type=\"container\">\n\t\t\t\t<div class=\"elementor-element elementor-element-37b2328 elementor-widget elementor-widget-heading\" data-id=\"37b2328\" data-element_type=\"widget\" data-e-type=\"widget\" data-widget_type=\"heading.default\">\n\t\t\t\t<div class=\"elementor-widget-container\">\n\t\t\t\t\t<h3 class=\"elementor-heading-title elementor-size-default\">Roxanne, a dedicated professional with an eye for detail.\n<\/h3>\t\t\t\t<\/div>\n\t\t\t\t<\/div>\n\t\t\t\t<div class=\"elementor-element elementor-element-f4251bb elementor-widget elementor-widget-text-editor\" data-id=\"f4251bb\" data-element_type=\"widget\" data-e-type=\"widget\" data-widget_type=\"text-editor.default\">\n\t\t\t\t<div class=\"elementor-widget-container\">\n\t\t\t\t\t\t\t\t\t<p>Roxanne was born and raised on the South Shore of Montreal and has lived for many years in some of Montreal\u2019s most desirable neighborhoods. She worked her way into a very exclusive industry as an account manager for multinational companies in the fashion industry for almost 10 years. These years allowed her to acquire expertise in sales, marketing and customer service, three areas to which she is dedicated in business.<\/p>\t\t\t\t\t\t\t\t<\/div>\n\t\t\t\t<\/div>\n\t\t\t\t<div class=\"elementor-element elementor-element-c79600c elementor-widget elementor-widget-text-editor\" data-id=\"c79600c\" data-element_type=\"widget\" data-e-type=\"widget\" data-widget_type=\"text-editor.default\">\n\t\t\t\t<div class=\"elementor-widget-container\">\n\t\t\t\t\t\t\t\t\t<p>It was during a maternity leave, while juggling her new role, that she returned to school to study full time and officially entered the real estate field by graduating from the Coll\u00e8ge de l\u2019Immobilier with distinction. She is passionate about design and business management. With her attention to detail and dedication, you will know that you are in the hands of an available professional who will ensure that your transactions run smoothly from start to finish.<\/p>\t\t\t\t\t\t\t\t<\/div>\n\t\t\t\t<\/div>\n\t\t\t\t<div class=\"elementor-element elementor-element-0caa447 elementor-widget elementor-widget-text-editor\" data-id=\"0caa447\" data-element_type=\"widget\" data-e-type=\"widget\" data-widget_type=\"text-editor.default\">\n\t\t\t\t<div class=\"elementor-widget-container\">\n\t\t\t\t\t\t\t\t\t<p>A proud resident of Saint-Lambert, she is passionate about everything that encompasses the city\u2019s way of life and is committed to making her community known and known to others. In collaboration with Marc-Andr\u00e9 Fortin, combining their complementary strengths is a simple equation to form a duo for whom all the details are taken care of during real estate transactions.<\/p>\t\t\t\t\t\t\t\t<\/div>\n\t\t\t\t<\/div>\n\t\t\t\t<div class=\"elementor-element elementor-element-2ca5daf elementor-widget elementor-widget-text-editor\" data-id=\"2ca5daf\" data-element_type=\"widget\" data-e-type=\"widget\" data-widget_type=\"text-editor.default\">\n\t\t\t\t<div class=\"elementor-widget-container\">\n\t\t\t\t\t\t\t\t\tWith a diploma in residential real estate brokerage, Roxanne is proud to wear the Engel &amp; V\u00f6lkers emblem.\t\t\t\t\t\t\t\t<\/div>\n\t\t\t\t<\/div>\n\t\t\t\t<\/div>\n\t\t\t\t<\/div>\n\t\t\t\t<\/div>\n\t\t\t\t\t<\/div>\n\t\t\t\t<\/div>\n\t\t<div class=\"elementor-element elementor-element-5f02da2 e-flex e-con-boxed e-con e-parent\" data-id=\"5f02da2\" data-element_type=\"container\" data-e-type=\"container\" data-settings=\"{&quot;background_background&quot;:&quot;classic&quot;}\">\n\t\t\t\t\t<div class=\"e-con-inner\">\n\t\t<div class=\"elementor-element elementor-element-11fb69b e-con-full e-flex e-con e-child\" data-id=\"11fb69b\" data-element_type=\"container\" data-e-type=\"container\">\n\t\t\t\t<div class=\"elementor-element elementor-element-d9eca79 animated-slow elementor-invisible elementor-widget elementor-widget-heading\" data-id=\"d9eca79\" data-element_type=\"widget\" data-e-type=\"widget\" data-settings=\"{&quot;_animation&quot;:&quot;fadeInDown&quot;,&quot;_animation_delay&quot;:100}\" data-widget_type=\"heading.default\">\n\t\t\t\t<div class=\"elementor-widget-container\">\n\t\t\t\t\t<h3 class=\"elementor-heading-title elementor-size-default\">About ENGEL &amp; V\u00d6LKERS<\/h3>\t\t\t\t<\/div>\n\t\t\t\t<\/div>\n\t\t\t\t<\/div>\n\t\t<div class=\"elementor-element elementor-element-6e92e3d e-con-full e-flex e-con e-child\" data-id=\"6e92e3d\" data-element_type=\"container\" data-e-type=\"container\">\n\t\t<div class=\"elementor-element elementor-element-3d71d25 e-con-full animated-slow e-flex elementor-invisible e-con e-child\" data-id=\"3d71d25\" data-element_type=\"container\" data-e-type=\"container\" data-settings=\"{&quot;background_background&quot;:&quot;classic&quot;,&quot;animation&quot;:&quot;fadeIn&quot;,&quot;animation_delay&quot;:300}\">\n\t\t\t\t<div class=\"elementor-element elementor-element-eaded16 elementor-widget elementor-widget-image\" data-id=\"eaded16\" data-element_type=\"widget\" data-e-type=\"widget\" data-widget_type=\"image.default\">\n\t\t\t\t<div class=\"elementor-widget-container\">\n\t\t\t\t\t\t\t\t\t\t\t\t\t\t\t<img decoding=\"async\" width=\"1336\" height=\"752\" src=\"https:\/\/fortinporlier.evquebec.com\/wp-content\/uploads\/2024\/06\/carte-EV-FR.webp\" class=\"attachment-full size-full wp-image-2291\" alt=\"\" srcset=\"https:\/\/fortinporlier.evquebec.com\/wp-content\/uploads\/2024\/06\/carte-EV-FR.webp 1336w, https:\/\/fortinporlier.evquebec.com\/wp-content\/uploads\/2024\/06\/carte-EV-FR-300x169.webp 300w, https:\/\/fortinporlier.evquebec.com\/wp-content\/uploads\/2024\/06\/carte-EV-FR-1024x576.webp 1024w, https:\/\/fortinporlier.evquebec.com\/wp-content\/uploads\/2024\/06\/carte-EV-FR-768x432.webp 768w\" sizes=\"(max-width: 1336px) 100vw, 1336px\">\t\t\t\t\t\t\t\t\t\t\t\t\t\t\t<\/div>\n\t\t\t\t<\/div>\n\t\t\t\t<\/div>\n\t\t<div class=\"elementor-element elementor-element-16b75f4 e-con-full e-flex e-con e-child\" data-id=\"16b75f4\" data-element_type=\"container\" data-e-type=\"container\">\n\t\t<div class=\"elementor-element elementor-element-b37e20d e-con-full e-flex e-con e-child\" data-id=\"b37e20d\" data-element_type=\"container\" data-e-type=\"container\">\n\t\t\t\t<div class=\"elementor-element elementor-element-70a2cc5 animated-slow elementor-invisible elementor-widget elementor-widget-heading\" data-id=\"70a2cc5\" data-element_type=\"widget\" data-e-type=\"widget\" data-settings=\"{&quot;_animation&quot;:&quot;fadeInDown&quot;,&quot;_animation_delay&quot;:100}\" data-widget_type=\"heading.default\">\n\t\t\t\t<div class=\"elementor-widget-container\">\n\t\t\t\t\t<h4 class=\"elementor-heading-title elementor-size-default\">Reaching new heights every day\n<\/h4>\t\t\t\t<\/div>\n\t\t\t\t<\/div>\n\t\t\t\t<div class=\"elementor-element elementor-element-9be7195 elementor-widget elementor-widget-heading\" data-id=\"9be7195\" data-element_type=\"widget\" data-e-type=\"widget\" data-widget_type=\"heading.default\">\n\t\t\t\t<div class=\"elementor-widget-container\">\n\t\t\t\t\t<h5 class=\"elementor-heading-title elementor-size-default\">Passionate about real estate\n<\/h5>\t\t\t\t<\/div>\n\t\t\t\t<\/div>\n\t\t\t\t<\/div>\n\t\t\t\t<div class=\"elementor-element elementor-element-893317e elementor-widget elementor-widget-text-editor\" data-id=\"893317e\" data-element_type=\"widget\" data-e-type=\"widget\" data-widget_type=\"text-editor.default\">\n\t\t\t\t<div class=\"elementor-widget-container\">\n\t\t\t\t\t\t\t\t\tFounded in Germany in 1977, Engel &amp; V\u00f6lkers began its European expansion in 1990 and successfully established itself in the Americas in 2013. To satisfy the distinct needs of builders, developers and investors, Development Services is created in 2019. Thus, for more than 45 years, Engel &amp; V\u00f6lkers have specialized in residential and commercial real estate services in the premium segment. More than 16,600 people work under the Engel &amp; V\u00f6lkers brand in over 35 countries on 5 continents and at more than 1,000 locations. The values they stand for are competence, exclusivity and passion.\t\t\t\t\t\t\t\t<\/div>\n\t\t\t\t<\/div>\n\t\t\t\t<\/div>\n\t\t\t\t<\/div>\n\t\t\t\t\t<\/div>\n\t\t\t\t<\/div>\n\t\t<div class=\"elementor-element elementor-element-cb1673d e-flex e-con-boxed e-con e-parent\" data-id=\"cb1673d\" data-element_type=\"container\" data-e-type=\"container\" data-settings=\"{&quot;background_background&quot;:&quot;classic&quot;}\">\n\t\t\t\t\t<div class=\"e-con-inner\">\n\t\t<div class=\"elementor-element elementor-element-c5f8177 e-con-full e-flex e-con e-child\" data-id=\"c5f8177\" data-element_type=\"container\" data-e-type=\"container\">\n\t\t<div class=\"elementor-element elementor-element-4554067 e-con-full e-flex e-con e-child\" data-id=\"4554067\" data-element_type=\"container\" data-e-type=\"container\">\n\t\t\t\t<div class=\"elementor-element elementor-element-2a35a5b animated-slow elementor-invisible elementor-widget elementor-widget-heading\" data-id=\"2a35a5b\" data-element_type=\"widget\" data-e-type=\"widget\" data-settings=\"{&quot;_animation&quot;:&quot;fadeInDown&quot;,&quot;_animation_delay&quot;:100}\" data-widget_type=\"heading.default\">\n\t\t\t\t<div class=\"elementor-widget-container\">\n\t\t\t\t\t<h3 class=\"elementor-heading-title elementor-size-default\">The Private Office Offer<\/h3>\t\t\t\t<\/div>\n\t\t\t\t<\/div>\n\t\t\t\t<div class=\"elementor-element elementor-element-4b45df3 elementor-widget elementor-widget-text-editor\" data-id=\"4b45df3\" data-element_type=\"widget\" data-e-type=\"widget\" data-widget_type=\"text-editor.default\">\n\t\t\t\t<div class=\"elementor-widget-container\">\n\t\t\t\t\t\t\t\t\tPrivate Office Advisors are among the most competent and connected real estate professionals in the world. Beyond achieving the highest levels of client satisfaction, trust, and success, these market leaders are respected by colleagues and competitors alike. They are passionate about Engel &amp; V\u00f6lkers and true standard bearers for our global brand.\t\t\t\t\t\t\t\t<\/div>\n\t\t\t\t<\/div>\n\t\t\t\t<div class=\"elementor-element elementor-element-2aa3e61 elementor-widget elementor-widget-text-editor\" data-id=\"2aa3e61\" data-element_type=\"widget\" data-e-type=\"widget\" data-widget_type=\"text-editor.default\">\n\t\t\t\t<div class=\"elementor-widget-container\">\n\t\t\t\t\t\t\t\t\tAs an international service company specializing in the brokerage of residential property, commercial real estate, yachts and private jets, Engel &amp; V\u00f6lkers stands for a comprehensive range of services and consultancy excellence. \t\t\t\t\t\t\t\t<\/div>\n\t\t\t\t<\/div>\n\t\t\t\t<div class=\"elementor-element elementor-element-785473a elementor-widget elementor-widget-text-editor\" data-id=\"785473a\" data-element_type=\"widget\" data-e-type=\"widget\" data-widget_type=\"text-editor.default\">\n\t\t\t\t<div class=\"elementor-widget-container\">\n\t\t\t\t\t\t\t\t\tResponding to client and customer needs and inspired by private banking services, Christian V\u00f6lkers established Private Office in 2007. As the group expanded to cover more states, provinces and countries over the years, its mission remained the same. Engel &amp; V\u00f6lkers Private Office serves the singular requirements of our clients with high-value and often multi-market real estate portfolios, a group that includes leaders in business, politics and culture. Private Office Advisors provide the level of expertise and discretion that this client base demands to sellers and buyers at all price points. Their goal is to earn trust and build relationships that continue well beyond a single transaction.\t\t\t\t\t\t\t\t<\/div>\n\t\t\t\t<\/div>\n\t\t\t\t<\/div>\n\t\t<div class=\"elementor-element elementor-element-c8b3f6e e-con-full animated-slow e-flex elementor-invisible e-con e-child\" data-id=\"c8b3f6e\" data-element_type=\"container\" data-e-type=\"container\" data-settings=\"{&quot;background_background&quot;:&quot;classic&quot;,&quot;animation&quot;:&quot;fadeIn&quot;,&quot;animation_delay&quot;:300}\">\n\t\t\t\t<div class=\"elementor-element elementor-element-8ab74a6 elementor-widget elementor-widget-image\" data-id=\"8ab74a6\" data-element_type=\"widget\" data-e-type=\"widget\" data-widget_type=\"image.default\">\n\t\t\t\t<div class=\"elementor-widget-container\">\n\t\t\t\t\t\t\t\t\t\t\t\t\t\t\t<img loading=\"lazy\" decoding=\"async\" width=\"622\" height=\"109\" src=\"https:\/\/fortinporlier.evquebec.com\/wp-content\/uploads\/2026\/03\/EV_PRIVATE_OFFICE_Logo3.svg\" class=\"attachment-full size-full wp-image-4328\" alt=\"\">\t\t\t\t\t\t\t\t\t\t\t\t\t\t\t<\/div>\n\t\t\t\t<\/div>\n\t\t\t\t<div class=\"elementor-element elementor-element-2588533 elementor-widget elementor-widget-image\" data-id=\"2588533\" data-element_type=\"widget\" data-e-type=\"widget\" data-widget_type=\"image.default\">\n\t\t\t\t<div class=\"elementor-widget-container\">\n\t\t\t\t\t\t\t\t\t\t\t\t\t\t\t<img loading=\"lazy\" decoding=\"async\" width=\"1933\" height=\"1365\" src=\"https:\/\/fortinporlier.evquebec.com\/wp-content\/uploads\/2026\/03\/FLAG-MTL.jpg\" class=\"attachment-full size-full wp-image-4329\" alt=\"\" srcset=\"https:\/\/fortinporlier.evquebec.com\/wp-content\/uploads\/2026\/03\/FLAG-MTL.jpg 1933w, https:\/\/fortinporlier.evquebec.com\/wp-content\/uploads\/2026\/03\/FLAG-MTL-300x212.jpg 300w, https:\/\/fortinporlier.evquebec.com\/wp-content\/uploads\/2026\/03\/FLAG-MTL-1024x723.jpg 1024w, https:\/\/fortinporlier.evquebec.com\/wp-content\/uploads\/2026\/03\/FLAG-MTL-768x542.jpg 768w, https:\/\/fortinporlier.evquebec.com\/wp-content\/uploads\/2026\/03\/FLAG-MTL-1536x1085.jpg 1536w\" sizes=\"(max-width: 1933px) 100vw, 1933px\">\t\t\t\t\t\t\t\t\t\t\t\t\t\t\t<\/div>\n\t\t\t\t<\/div>\n\t\t\t\t<\/div>\n\t\t\t\t<\/div>\n\t\t\t\t\t<\/div>\n\t\t\t\t<\/div>\n\t\t\t\t<\/div>\n\t\t","protected":false},"excerpt":{"rendered":"<p>Titre&#8230; Texte pour duo&#8230; Marc-Andr\u00e9 Fortin Marc-Andr\u00e9 is dedicated, attentive to the smallest detail and exceptionally determined. Marc-Andr\u00e9 knows very [&hellip;]<\/p>\n","protected":false},"author":1,"featured_media":0,"parent":0,"menu_order":0,"comment_status":"closed","ping_status":"closed","template":"","meta":{"_acf_changed":false,"site-sidebar-layout":"no-sidebar","site-content-layout":"","ast-site-content-layout":"full-width-container","site-content-style":"default","site-sidebar-style":"default","ast-global-header-display":"","ast-banner-title-visibility":"","ast-main-header-display":"","ast-hfb-above-header-display":"","ast-hfb-below-header-display":"","ast-hfb-mobile-header-display":"","site-post-title":"disabled","ast-breadcrumbs-content":"","ast-featured-img":"disabled","footer-sml-layout":"","ast-disable-related-posts":"","theme-transparent-header-meta":"","adv-header-id-meta":"","stick-header-meta":"","header-above-stick-meta":"","header-main-stick-meta":"","header-below-stick-meta":"","astra-migrate-meta-layouts":"default","ast-page-background-enabled":"default","ast-page-background-meta":{"desktop":{"background-color":"var(--ast-global-color-4)","background-image":"","background-repeat":"repeat","background-position":"center center","background-size":"auto","background-attachment":"scroll","background-type":"","background-media":"","overlay-type":"","overlay-color":"","overlay-opacity":"","overlay-gradient":""},"tablet":{"background-color":"","background-image":"","background-repeat":"repeat","background-position":"center center","background-size":"auto","background-attachment":"scroll","background-type":"","background-media":"","overlay-type":"","overlay-color":"","overlay-opacity":"","overlay-gradient":""},"mobile":{"background-color":"","background-image":"","background-repeat":"repeat","background-position":"center center","background-size":"auto","background-attachment":"scroll","background-type":"","background-media":"","overlay-type":"","overlay-color":"","overlay-opacity":"","overlay-gradient":""}},"ast-content-background-meta":{"desktop":{"background-color":"var(--ast-global-color-5)","background-image":"","background-repeat":"repeat","background-position":"center center","background-size":"auto","background-attachment":"scroll","background-type":"","background-media":"","overlay-type":"","overlay-color":"","overlay-opacity":"","overlay-gradient":""},"tablet":{"background-color":"var(--ast-global-color-5)","background-image":"","background-repeat":"repeat","background-position":"center center","background-size":"auto","background-attachment":"scroll","background-type":"","background-media":"","overlay-type":"","overlay-color":"","overlay-opacity":"","overlay-gradient":""},"mobile":{"background-color":"var(--ast-global-color-5)","background-image":"","background-repeat":"repeat","background-position":"center center","background-size":"auto","background-attachment":"scroll","background-type":"","background-media":"","overlay-type":"","overlay-color":"","overlay-opacity":"","overlay-gradient":""}},"footnotes":""},"class_list":["post-1802","page","type-page","status-publish","hentry"],"acf":[],"_links":{"self":[{"href":"https:\/\/fortinporlier.evquebec.com\/en\/wp-json\/wp\/v2\/pages\/1802","targetHints":{"allow":["GET"]}}],"collection":[{"href":"https:\/\/fortinporlier.evquebec.com\/en\/wp-json\/wp\/v2\/pages"}],"about":[{"href":"https:\/\/fortinporlier.evquebec.com\/en\/wp-json\/wp\/v2\/types\/page"}],"author":[{"embeddable":true,"href":"https:\/\/fortinporlier.evquebec.com\/en\/wp-json\/wp\/v2\/users\/1"}],"replies":[{"embeddable":true,"href":"https:\/\/fortinporlier.evquebec.com\/en\/wp-json\/wp\/v2\/comments?post=1802"}],"version-history":[{"count":10,"href":"https:\/\/fortinporlier.evquebec.com\/en\/wp-json\/wp\/v2\/pages\/1802\/revisions"}],"predecessor-version":[{"id":4330,"href":"https:\/\/fortinporlier.evquebec.com\/en\/wp-json\/wp\/v2\/pages\/1802\/revisions\/4330"}],"wp:attachment":[{"href":"https:\/\/fortinporlier.evquebec.com\/en\/wp-json\/wp\/v2\/media?parent=1802"}],"curies":[{"name":"wp","href":"https:\/\/api.w.org\/{rel}","templated":true}]}}